{"id":1057,"date":"2024-02-06T21:12:58","date_gmt":"2024-02-06T21:12:58","guid":{"rendered":"http:\/\/albaniabioconnect.al\/\/?page_id=1057"},"modified":"2024-03-02T11:57:50","modified_gmt":"2024-03-02T11:57:50","slug":"produkte-mbledhje-biospecimentesh","status":"publish","type":"page","link":"https:\/\/albaniabioconnect.al\/?page_id=1057","title":{"rendered":"Produkte &#038; Mbledhje Biospecimentesh"},"content":{"rendered":"\t\t<div data-elementor-type=\"wp-page\" data-elementor-id=\"1057\" class=\"elementor elementor-1057\">\n\t\t\t\t<div class=\"elementor-element elementor-element-9eeff78 e-flex e-con-boxed e-con e-parent\" data-id=\"9eeff78\" data-element_type=\"container\" data-e-type=\"container\" data-settings=\"{&quot;background_background&quot;:&quot;gradient&quot;}\">\n\t\t\t\t\t<div class=\"e-con-inner\">\n\t\t\t\t<div class=\"elementor-element elementor-element-3e705f2 elementor-widget elementor-widget-page-title\" data-id=\"3e705f2\" data-element_type=\"widget\" data-e-type=\"widget\" data-widget_type=\"page-title.default\">\n\t\t\t\t<div class=\"elementor-widget-container\">\n\t\t\t\t\t\t\t\n\t\t<div class=\"hfe-page-title hfe-page-title-wrapper elementor-widget-heading\">\n\n\t\t\t\t\t\t\t\t\t\t\t<a href=\"http:\/\/test.albaniabioconnect.al\/produkte-mbledhje-biospecimentesh\/\">\n\t\t\t\t\t\t<h2 class=\"elementor-heading-title elementor-size-default\">\n\t\t\t\t\t\t\t\t\n\t\t\t\tProdukte &#038; Mbledhje Biospecimentesh  \n\t\t\t<\/h2 > \n\t\t\t\t\t\t\t\t\t<\/a>\n\t\t\t\t\t<\/div>\n\t\t\t\t\t\t<\/div>\n\t\t\t\t<\/div>\n\t\t\t\t\t<\/div>\n\t\t\t\t<\/div>\n\t\t\t\t<section class=\"elementor-section elementor-top-section elementor-element elementor-element-kn3g06y elementor-section-content-middle elementor-section-boxed elementor-section-height-default elementor-section-height-default\" data-id=\"kn3g06y\" data-element_type=\"section\" data-e-type=\"section\" data-settings=\"{&quot;background_background&quot;:&quot;gradient&quot;}\">\n\t\t\t\t\t\t<div class=\"elementor-container elementor-column-gap-no\">\n\t\t\t\t\t<div class=\"elementor-column elementor-col-33 elementor-top-column elementor-element elementor-element-27a2e6f\" data-id=\"27a2e6f\" data-element_type=\"column\" data-e-type=\"column\">\n\t\t\t<div class=\"elementor-widget-wrap elementor-element-populated\">\n\t\t\t\t\t\t<div class=\"elementor-element elementor-element-2d03d06 elementor-widget elementor-widget-image\" data-id=\"2d03d06\" data-element_type=\"widget\" data-e-type=\"widget\" data-widget_type=\"image.default\">\n\t\t\t\t<div class=\"elementor-widget-container\">\n\t\t\t\t\t\t\t\t\t\t\t\t\t\t\t<img fetchpriority=\"high\" decoding=\"async\" width=\"768\" height=\"512\" src=\"https:\/\/albaniabioconnect.al\/wp-content\/uploads\/2024\/02\/Services1-768x512.jpg\" class=\"attachment-medium_large size-medium_large wp-image-1075\" alt=\"\" srcset=\"https:\/\/albaniabioconnect.al\/wp-content\/uploads\/2024\/02\/Services1-768x512.jpg 768w, https:\/\/albaniabioconnect.al\/wp-content\/uploads\/2024\/02\/Services1-300x200.jpg 300w, https:\/\/albaniabioconnect.al\/wp-content\/uploads\/2024\/02\/Services1-1024x683.jpg 1024w, https:\/\/albaniabioconnect.al\/wp-content\/uploads\/2024\/02\/Services1-1536x1024.jpg 1536w, https:\/\/albaniabioconnect.al\/wp-content\/uploads\/2024\/02\/Services1-2048x1365.jpg 2048w\" sizes=\"(max-width: 768px) 100vw, 768px\" \/>\t\t\t\t\t\t\t\t\t\t\t\t\t\t\t<\/div>\n\t\t\t\t<\/div>\n\t\t\t\t\t<\/div>\n\t\t<\/div>\n\t\t\t\t<div class=\"elementor-column elementor-col-66 elementor-top-column elementor-element elementor-element-fc55efe\" data-id=\"fc55efe\" data-element_type=\"column\" data-e-type=\"column\">\n\t\t\t<div class=\"elementor-widget-wrap elementor-element-populated\">\n\t\t\t\t\t\t<div class=\"elementor-element elementor-element-f07ba44 elementor-widget elementor-widget-heading\" data-id=\"f07ba44\" data-element_type=\"widget\" data-e-type=\"widget\" data-widget_type=\"heading.default\">\n\t\t\t\t<div class=\"elementor-widget-container\">\n\t\t\t\t\t<h3 class=\"elementor-heading-title elementor-size-default\"><h3 data-elementor-setting-key=\"title\" data-pen-placeholder=\"Type Here...\" style=\"font-style: normal;text-align: center\">Albania BioConnect ofron mbledhje n\u00eb koh\u00eb reale (prospective collection) t\u00eb mir\u00ebkontrolluara p\u00ebr studime k\u00ebrkimore.<\/h3><\/h3>\t\t\t\t<\/div>\n\t\t\t\t<\/div>\n\t\t\t\t<div class=\"elementor-element elementor-element-a336775 elementor-widget elementor-widget-text-editor\" data-id=\"a336775\" data-element_type=\"widget\" data-e-type=\"widget\" data-widget_type=\"text-editor.default\">\n\t\t\t\t<div class=\"elementor-widget-container\">\n\t\t\t\t\t\t\t\t\t<p><span style=\"text-align: center; color: var(--ast-global-color-3); font-size: 1rem;\">Albania BioConnect punon me protokollet standarde dhe t\u00eb specifikuara nga klienti p\u00ebr grumbullimin dhe p\u00ebrpunimin, duke p\u00ebrdorur subjekte t\u00eb dedikuara n\u00eb \u00e7do vend mbledhjeje p\u00ebr t\u00eb garantuar q\u00ebndrueshm\u00ebri n\u00eb procedura dhe cil\u00ebsi n\u00eb t\u00eb gjith\u00eb mostrat. Ne kemi nd\u00ebrtuar nj\u00eb reputacion t\u00eb nj\u00eb partneri profesionist duke siguruar akses n\u00eb v\u00ebllim t\u00eb madh t\u00eb mostrave k\u00ebrkimore me informacion t\u00eb g\u00ebndruesh\u00ebm, cil\u00ebsi dhe informacion t\u00eb paidentifikuar p\u00ebr s\u00ebmundjen e pacientit.<\/span><\/p>\t\t\t\t\t\t\t\t<\/div>\n\t\t\t\t<\/div>\n\t\t\t\t\t<\/div>\n\t\t<\/div>\n\t\t\t\t\t<\/div>\n\t\t<\/section>\n\t\t\t\t<\/div>\n\t\t","protected":false},"excerpt":{"rendered":"<p>Produkte &#038; Mbledhje Biospecimentesh Albania BioConnect ofron mbledhje n\u00eb koh\u00eb reale (prospective collection) t\u00eb mir\u00ebkontrolluara p\u00ebr studime k\u00ebrkimore. Albania BioConnect punon me protokollet standarde dhe t\u00eb specifikuara nga klienti p\u00ebr grumbullimin dhe p\u00ebrpunimin, duke p\u00ebrdorur subjekte t\u00eb dedikuara n\u00eb \u00e7do vend mbledhjeje p\u00ebr t\u00eb garantuar q\u00ebndrueshm\u00ebri n\u00eb procedura dhe cil\u00ebsi n\u00eb t\u00eb gjith\u00eb mostrat. Ne [&hellip;]<\/p>\n","protected":false},"author":1,"featured_media":0,"parent":0,"menu_order":0,"comment_status":"closed","ping_status":"closed","template":"","meta":{"site-sidebar-layout":"no-sidebar","site-content-layout":"page-builder","ast-site-content-layout":"full-width-container","site-content-style":"default","site-sidebar-style":"default","ast-global-header-display":"","ast-banner-title-visibility":"","ast-main-header-display":"","ast-hfb-above-header-display":"","ast-hfb-below-header-display":"","ast-hfb-mobile-header-display":"","site-post-title":"disabled","ast-breadcrumbs-content":"","ast-featured-img":"disabled","footer-sml-layout":"","ast-disable-related-posts":"","theme-transparent-header-meta":"","adv-header-id-meta":"","stick-header-meta":"","header-above-stick-meta":"","header-main-stick-meta":"","header-below-stick-meta":"","astra-migrate-meta-layouts":"default","ast-page-background-enabled":"default","ast-page-background-meta":{"desktop":{"background-color":"","background-image":"","background-repeat":"repeat","background-position":"center center","background-size":"auto","background-attachment":"scroll","background-type":"","background-media":"","overlay-type":"","overlay-color":"","overlay-opacity":"","overlay-gradient":""},"tablet":{"background-color":"","background-image":"","background-repeat":"repeat","background-position":"center center","background-size":"auto","background-attachment":"scroll","background-type":"","background-media":"","overlay-type":"","overlay-color":"","overlay-opacity":"","overlay-gradient":""},"mobile":{"background-color":"","background-image":"","background-repeat":"repeat","background-position":"center center","background-size":"auto","background-attachment":"scroll","background-type":"","background-media":"","overlay-type":"","overlay-color":"","overlay-opacity":"","overlay-gradient":""}},"ast-content-background-meta":{"desktop":{"background-color":"var(--ast-global-color-5)","background-image":"","background-repeat":"repeat","background-position":"center center","background-size":"auto","background-attachment":"scroll","background-type":"","background-media":"","overlay-type":"","overlay-color":"","overlay-opacity":"","overlay-gradient":""},"tablet":{"background-color":"var(--ast-global-color-5)","background-image":"","background-repeat":"repeat","background-position":"center center","background-size":"auto","background-attachment":"scroll","background-type":"","background-media":"","overlay-type":"","overlay-color":"","overlay-opacity":"","overlay-gradient":""},"mobile":{"background-color":"var(--ast-global-color-5)","background-image":"","background-repeat":"repeat","background-position":"center center","background-size":"auto","background-attachment":"scroll","background-type":"","background-media":"","overlay-type":"","overlay-color":"","overlay-opacity":"","overlay-gradient":""}},"footnotes":""},"class_list":["post-1057","page","type-page","status-publish","hentry"],"_links":{"self":[{"href":"https:\/\/albaniabioconnect.al\/index.php?rest_route=\/wp\/v2\/pages\/1057","targetHints":{"allow":["GET"]}}],"collection":[{"href":"https:\/\/albaniabioconnect.al\/index.php?rest_route=\/wp\/v2\/pages"}],"about":[{"href":"https:\/\/albaniabioconnect.al\/index.php?rest_route=\/wp\/v2\/types\/page"}],"author":[{"embeddable":true,"href":"https:\/\/albaniabioconnect.al\/index.php?rest_route=\/wp\/v2\/users\/1"}],"replies":[{"embeddable":true,"href":"https:\/\/albaniabioconnect.al\/index.php?rest_route=%2Fwp%2Fv2%2Fcomments&post=1057"}],"version-history":[{"count":13,"href":"https:\/\/albaniabioconnect.al\/index.php?rest_route=\/wp\/v2\/pages\/1057\/revisions"}],"predecessor-version":[{"id":1151,"href":"https:\/\/albaniabioconnect.al\/index.php?rest_route=\/wp\/v2\/pages\/1057\/revisions\/1151"}],"wp:attachment":[{"href":"https:\/\/albaniabioconnect.al\/index.php?rest_route=%2Fwp%2Fv2%2Fmedia&parent=1057"}],"curies":[{"name":"wp","href":"https:\/\/api.w.org\/{rel}","templated":true}]}}